{"id":121,"date":"2021-11-30T13:40:25","date_gmt":"2021-11-30T12:40:25","guid":{"rendered":"https:\/\/www-2021.edilearchitettura.ing.uniroma2.it\/?page_id=121"},"modified":"2024-11-27T15:48:42","modified_gmt":"2024-11-27T14:48:42","slug":"attivita-integrative-e-studio-allestero","status":"publish","type":"page","link":"https:\/\/edilearchitettura.ing.uniroma2.it\/?page_id=121","title":{"rendered":"Attivit\u00e0 formative integrative"},"content":{"rendered":"\n<p>Il percorso formativo prevede la possibilit\u00e0 di trascorrere periodi di <a href=\"https:\/\/www-2021.edilearchitettura.ing.uniroma2.it\/?page_id=135\" data-type=\"page\" data-id=\"135\">studio all&#8217;estero<\/a> e di svolgere <strong>attivit\u00e0 pratiche<\/strong> e <strong>professionalizzanti<\/strong>, come workshop di progettazione, costruzione di prototipi e di modelli, cantieri scuola, viaggi studio, stage in imprese e studi professionali.<\/p>\n\n\n\n<p>La comunicazione dell&#8217;offerta delle attivit\u00e0 formative integrative, valide per il riconoscimento di crediti formativi, organizzate dai docenti del Corso di Studi \u00e8 pubblicata periodicamente sul canale Teams  <strong>&#8220;IEA-Attivit\u00e0 formative Extracurriculari&#8221;<\/strong> , codice: kzq7c6w. <\/p>\n\n\n\n<p><a rel=\"noreferrer noopener\" href=\"https:\/\/teams.microsoft.com\/dl\/launcher\/launcher.html?url=%2F_%23%2Fl%2Fteam%2F19%3AcaolU3ZuWJtK2YwDXHKEjrq0D6dApP1P5zenGTkb_OE1%40thread.tacv2%2Fconversations%3FgroupId%3Dcbeb456e-c5d1-42e2-9cce-2e8697911137%26tenantId%3D24c5be2a-d764-40c5-9975-82d08ae47d0e&amp;type=team&amp;deeplinkId=f7d6298c-7a50-408c-bd41-b798af7f7192&amp;directDl=true&amp;msLaunch=true&amp;enableMobilePage=true\" target=\"_blank\">Link per registrarsi al canale Teams<\/a>.<\/p>\n\n\n\n<p>Gli studenti che intendono seguire un&#8217;attivit\u00e0 formativa integrativa organizzata dai docenti del Corso di Studi possono riferirsi alle informazioni fornite dal docente, riguardanti le modalit\u00e0 di frequenza e di riconoscimento dei Crediti Formativi.<\/p>\n\n\n\n<p>Gli studenti che intendono proporre un&#8217;attivit\u00e0 formativa integrativa valida per il riconoscimento di Crediti Formativi sono tenuti a seguire la seguente procedura:<\/p>\n\n\n\n<p>@Prima di svolgere l&#8217;attivit\u00e0 formativa:<\/p>\n\n\n\n<div class=\"wp-block-group\"><div class=\"wp-block-group__inner-container is-layout-constrained wp-block-group-is-layout-constrained\">\n<p>Comunicare, via e-mail, l\u2019attivit\u00e0 scelta al coordinatore del Corso di Studi (email: ilaria.giannetti@uniroma2.it), mettendo in copia la segreteria didattica (email: giambenedetti@ing.uniroma2.it). Oggetto mail: \u201cIEA-Attivit\u00e0-Formative-comunicazione&#8221;<\/p>\n<\/div><\/div>\n\n\n\n<p>@Dopo aver svolto l\u2019attivit\u00e0 (entro 15 giorni dall\u2019attivit\u00e0 svolta):&nbsp;<\/p>\n\n\n\n<div class=\"wp-block-group\"><div class=\"wp-block-group__inner-container is-layout-constrained wp-block-group-is-layout-constrained\">\n<p>Compilare il modulo per il riconoscimento dell\u2019attivit\u00e0 formativa e allegare una breve relazione dell\u2019attivit\u00e0 svolta<\/p>\n\n\n\n<p>Inviare, via e-mail, al coordinatore (email: ilaria.giannetti@uniroma2.it) il modulo per il riconoscimento dell&#8217;attivit\u00e0 formativa compilato e la relazione, mettendo in copia la segreteria didattica (email: giambenedetti@ing.uniroma2.it). Oggetto mail: \u201cIEA-Attivit\u00e0 Formativa-riconoscimento-CFU\u201d<\/p>\n<\/div><\/div>\n\n\n\n<p><a href=\"https:\/\/edilearchitettura.ing.uniroma2.it\/wp-content\/uploads\/2024\/03\/DOC_17.pdf\">Modulo per il riconoscimento dei crediti per le attivit\u00e0 formative<\/a><\/p>\n","protected":false},"excerpt":{"rendered":"<p>Il percorso formativo prevede la possibilit\u00e0 di trascorrere periodi di studio all&#8217;estero e di svolgere attivit\u00e0 pratiche e professionalizzanti, come workshop di progettazione, costruzione di prototipi e di modelli, cantieri scuola, viaggi studio, stage in imprese e studi professionali. La<\/p>\n","protected":false},"author":1,"featured_media":0,"parent":0,"menu_order":0,"comment_status":"closed","ping_status":"closed","template":"","meta":{"footnotes":""},"categories":[],"tags":[],"class_list":["post-121","page","type-page","status-publish","hentry"],"_links":{"self":[{"href":"https:\/\/edilearchitettura.ing.uniroma2.it\/index.php?rest_route=\/wp\/v2\/pages\/121","targetHints":{"allow":["GET"]}}],"collection":[{"href":"https:\/\/edilearchitettura.ing.uniroma2.it\/index.php?rest_route=\/wp\/v2\/pages"}],"about":[{"href":"https:\/\/edilearchitettura.ing.uniroma2.it\/index.php?rest_route=\/wp\/v2\/types\/page"}],"author":[{"embeddable":true,"href":"https:\/\/edilearchitettura.ing.uniroma2.it\/index.php?rest_route=\/wp\/v2\/users\/1"}],"replies":[{"embeddable":true,"href":"https:\/\/edilearchitettura.ing.uniroma2.it\/index.php?rest_route=%2Fwp%2Fv2%2Fcomments&post=121"}],"version-history":[{"count":11,"href":"https:\/\/edilearchitettura.ing.uniroma2.it\/index.php?rest_route=\/wp\/v2\/pages\/121\/revisions"}],"predecessor-version":[{"id":1284,"href":"https:\/\/edilearchitettura.ing.uniroma2.it\/index.php?rest_route=\/wp\/v2\/pages\/121\/revisions\/1284"}],"wp:attachment":[{"href":"https:\/\/edilearchitettura.ing.uniroma2.it\/index.php?rest_route=%2Fwp%2Fv2%2Fmedia&parent=121"}],"wp:term":[{"taxonomy":"category","embeddable":true,"href":"https:\/\/edilearchitettura.ing.uniroma2.it\/index.php?rest_route=%2Fwp%2Fv2%2Fcategories&post=121"},{"taxonomy":"post_tag","embeddable":true,"href":"https:\/\/edilearchitettura.ing.uniroma2.it\/index.php?rest_route=%2Fwp%2Fv2%2Ftags&post=121"}],"curies":[{"name":"wp","href":"https:\/\/api.w.org\/{rel}","templated":true}]}}