{"id":254,"date":"2022-01-26T10:11:38","date_gmt":"2022-01-26T09:11:38","guid":{"rendered":"https:\/\/www-2021.edilearchitettura.ing.uniroma2.it\/?page_id=254"},"modified":"2026-03-21T18:34:49","modified_gmt":"2026-03-21T17:34:49","slug":"home-2","status":"publish","type":"page","link":"https:\/\/edilearchitettura.ing.uniroma2.it\/","title":{"rendered":""},"content":{"rendered":"\n<p>Avvisi e notizie: <\/p>\n\n\n\n<p>Avviso: <strong>Luned\u00ec 23.03.2026 sono sospese tutte le attivit\u00e0 didattiche<\/strong>, considerato che nelle giornate del 22 e 23 si terr\u00e0 il referendum popolare. In allegato il <a href=\"https:\/\/edilearchitettura.ing.uniroma2.it\/wp-content\/uploads\/2026\/03\/DR-839_1832026_delibera_SA_1732026_sospensione_a_260319_130645.pdf\">decreto del Rettore<\/a>.&nbsp;<\/p>\n\n\n\n<p>Avviso: <strong class=\"\">mercoled\u00ec 15.04\u00a0<\/strong>alle\u00a0<strong class=\"\">ore 12.00 in Aula Disegno 2\u00a0<\/strong>sar\u00e0 presentata dai\u00a0<strong class=\"\">referenti dell&#8217;associazione OHR<\/strong>\u00a0l&#8217;attivit\u00e0 formativa per <strong>partecipare come volontari<\/strong> alla manifestazione\u00a0<strong class=\"\"><a href=\"https:\/\/www.openhouseroma.org\/\">OPEN HOUSE ROMA 2026 #OHR26<\/a><\/strong>.\u00a0 L&#8217;<strong class=\"\">attivit\u00e0 formativa<\/strong>\u00a0corrisponde a\u00a0<strong class=\"\">2 CFU<\/strong>\u00a0\u00a0e consiste in 2 meeting informativi, prima dell&#8217;evento e 2 turni da 4 ore (o turno unico di 8 ore) durante l&#8217;evento. Gli\u00a0<strong class=\"\">studenti interessati dovranno pre-iscriversi, dopo l&#8217;incontro formativo del 15.04<\/strong>, compilando il form online disponibile al seguente link:\u00a0<a href=\"https:\/\/www.openhouseroma.org\/info\/partecipa#diventa-volontario\" target=\"_blank\" rel=\"noreferrer noopener\">www.openhouseroma.org\/info\/partecipa#diventa-volontario<\/a><\/p>\n\n\n\n<p>Notizia: il <strong>Centro Linguistico di Ateneo<\/strong> (CLA) \u00e8 diventato <strong>sede d&#8217;esame della certificazione internazionale di lingua inglese <\/strong>IELTS, grazie all&#8217;accordo siglato con International House \u2013 Accademia Britannica Roma (IELTS Official Test Centre). Info al&nbsp;link:&nbsp;&nbsp;<a href=\"https:\/\/web.uniroma2.it\/it\/contenuto\/il-cla-diventa-centro-desame-ufficiale-per-la-certificazione-ielts\" target=\"_blank\" rel=\"noreferrer noopener\">Il CLA diventa centro d&#8217;esame ufficiale per la certificazione IELTS<\/a><\/p>\n\n\n\n<p>Attivo il <a href=\"https:\/\/teams.microsoft.com\/l\/channel\/19%3AEZh7ty5UqaQ1GHSbPcd-ZFB4PPyd-8Xu4OOlP_uf8KY1%40thread.tacv2\/General?groupId=fae6beab-a77a-4a50-b748-ad32ec6ed180&amp;tenantId=24c5be2a-d764-40c5-9975-82d08ae47d0e\">canale Teams per comunicazioni con i docenti-tutor <\/a><\/p>\n\n\n\n<p>Attivo il <a href=\"https:\/\/teams.microsoft.com\/l\/channel\/19%3AcaolU3ZuWJtK2YwDXHKEjrq0D6dApP1P5zenGTkb_OE1%40thread.tacv2\/General?groupId=cbeb456e-c5d1-42e2-9cce-2e8697911137&amp;tenantId=24c5be2a-d764-40c5-9975-82d08ae47d0e\">canale Teams per la comunicazione delle attivit\u00e0 formative integrative<\/a><\/p>\n\n\n\n<div class=\"wp-block-columns is-layout-flex wp-container-core-columns-is-layout-9d6595d7 wp-block-columns-is-layout-flex\">\n<div class=\"wp-block-column is-layout-flow wp-block-column-is-layout-flow\" style=\"flex-basis:100%\">\n<figure class=\"wp-block-gallery has-nested-images columns-default is-cropped wp-block-gallery-1 is-layout-flex wp-block-gallery-is-layout-flex\">\n<figure class=\"wp-block-image size-large\"><img loading=\"lazy\" decoding=\"async\" width=\"727\" height=\"1024\" data-id=\"1729\" src=\"https:\/\/edilearchitettura.ing.uniroma2.it\/wp-content\/uploads\/2026\/03\/Schermata-2026-03-21-alle-18.34.41-727x1024.png\" alt=\"\" class=\"wp-image-1729\" srcset=\"https:\/\/edilearchitettura.ing.uniroma2.it\/wp-content\/uploads\/2026\/03\/Schermata-2026-03-21-alle-18.34.41-727x1024.png 727w, https:\/\/edilearchitettura.ing.uniroma2.it\/wp-content\/uploads\/2026\/03\/Schermata-2026-03-21-alle-18.34.41-213x300.png 213w, https:\/\/edilearchitettura.ing.uniroma2.it\/wp-content\/uploads\/2026\/03\/Schermata-2026-03-21-alle-18.34.41-768x1082.png 768w, https:\/\/edilearchitettura.ing.uniroma2.it\/wp-content\/uploads\/2026\/03\/Schermata-2026-03-21-alle-18.34.41.png 960w\" sizes=\"auto, (max-width: 727px) 100vw, 727px\" \/><\/figure>\n<\/figure>\n<\/div>\n<\/div>\n\n\n\n<p><\/p>\n\n\n\n<h2 class=\"wp-block-heading has-text-color\" style=\"color:#002fa7\">Il Corso di Laurea<\/h2>\n\n\n\n<p>Il Corso di Laurea magistrale a ciclo unico in Ingegneria Edile\u2013Architettura, con <strong>durata di 5 anni<\/strong>, \u00e8 riconosciuto per svolgere l\u2019attivit\u00e0 professionale in tutti gli stati membri dell\u2019Unione Europea.<\/p>\n\n\n\n<p>Il Corso di Laurea offre una formazione trasversale che integra le <strong>discipline tecnico-scientifiche<\/strong> e quelle <strong>umanistico-progettuali<\/strong> relative alla trasformazione e alla conservazione dell\u2019ambiente naturale e costruito.<\/p>\n\n\n\n<p>Gli insegnamenti sono articolati in <strong>lezioni frontali<\/strong> e <strong>laboratori didattici<\/strong> di sperimentazione tecnica e progettuale. Il percorso formativo \u00e8 inoltre arricchito da <strong>attivit\u00e0 pratiche<\/strong> e <strong>professionalizzanti<\/strong>, come workshop di progettazione, costruzione di prototipi e di modelli, cantieri scuola, viaggi studio, stage in imprese e studi professionali.<\/p>\n\n\n\n<p class=\"has-text-color\" style=\"color:#002fa7\"><\/p>\n\n\n\n<h2 class=\"wp-block-heading has-text-color\" style=\"color:#002fa7\">Perch\u00e9 scelgo questo Corso di Laurea<\/h2>\n\n\n\n<p>Gli scenari nazionali e internazionali richiedono <strong>strategie multidisciplinari<\/strong> per lo <strong>sviluppo sostenibile<\/strong> dell\u2019ambiente urbano, della citt\u00e0 e del territorio, mettendo in campo <strong>creativit\u00e0<\/strong>, <strong>innovazione <\/strong>e <strong>ingegno<\/strong>. L\u2019ingegnere edile-architetto \u00e8 la figura professionale pi\u00f9 adatta ad accogliere questa sfida: un <strong>progettista completo<\/strong>, capace di applicare conoscenze tecniche e umanistiche dell\u2019Ingegnere e dell\u2019Architetto, nell\u2019attuale scenario della <strong>transizione ecologica e digitale<\/strong>.<\/p>\n\n\n\n<h2 class=\"wp-block-heading has-text-color\" style=\"color:#002fa7\">Sbocchi professionali<\/h2>\n\n\n\n<p>Il profilo professionale dell\u2019Ingegnere-Architetto intercetta <strong>diversi segmenti<\/strong> dell\u2019attuale <strong>mercato internazionale del lavoro<\/strong>: l\u2019architettura, l\u2019ingegneria, il progetto urbano, il recupero del patrimonio storico, le grandi infrastrutture. Il laureato pu\u00f2 operare come <strong>libero professionista<\/strong> o ricoprire <strong>funzioni di elevata responsabilit\u00e0<\/strong> in istituzioni pubbliche, imprese di costruzioni, studi e societ\u00e0 di progettazione.<\/p>\n","protected":false},"excerpt":{"rendered":"<p>Avvisi e notizie: Avviso: Luned\u00ec 23.03.2026 sono sospese tutte le attivit\u00e0 didattiche, considerato che nelle giornate del 22 e 23 si terr\u00e0 il referendum popolare. In allegato il decreto del Rettore.&nbsp; Avviso: mercoled\u00ec 15.04\u00a0alle\u00a0ore 12.00 in Aula Disegno 2\u00a0sar\u00e0 presentata<\/p>\n","protected":false},"author":1,"featured_media":0,"parent":0,"menu_order":0,"comment_status":"closed","ping_status":"closed","template":"","meta":{"footnotes":""},"categories":[],"tags":[],"class_list":["post-254","page","type-page","status-publish","hentry"],"_links":{"self":[{"href":"https:\/\/edilearchitettura.ing.uniroma2.it\/index.php?rest_route=\/wp\/v2\/pages\/254","targetHints":{"allow":["GET"]}}],"collection":[{"href":"https:\/\/edilearchitettura.ing.uniroma2.it\/index.php?rest_route=\/wp\/v2\/pages"}],"about":[{"href":"https:\/\/edilearchitettura.ing.uniroma2.it\/index.php?rest_route=\/wp\/v2\/types\/page"}],"author":[{"embeddable":true,"href":"https:\/\/edilearchitettura.ing.uniroma2.it\/index.php?rest_route=\/wp\/v2\/users\/1"}],"replies":[{"embeddable":true,"href":"https:\/\/edilearchitettura.ing.uniroma2.it\/index.php?rest_route=%2Fwp%2Fv2%2Fcomments&post=254"}],"version-history":[{"count":212,"href":"https:\/\/edilearchitettura.ing.uniroma2.it\/index.php?rest_route=\/wp\/v2\/pages\/254\/revisions"}],"predecessor-version":[{"id":1730,"href":"https:\/\/edilearchitettura.ing.uniroma2.it\/index.php?rest_route=\/wp\/v2\/pages\/254\/revisions\/1730"}],"wp:attachment":[{"href":"https:\/\/edilearchitettura.ing.uniroma2.it\/index.php?rest_route=%2Fwp%2Fv2%2Fmedia&parent=254"}],"wp:term":[{"taxonomy":"category","embeddable":true,"href":"https:\/\/edilearchitettura.ing.uniroma2.it\/index.php?rest_route=%2Fwp%2Fv2%2Fcategories&post=254"},{"taxonomy":"post_tag","embeddable":true,"href":"https:\/\/edilearchitettura.ing.uniroma2.it\/index.php?rest_route=%2Fwp%2Fv2%2Ftags&post=254"}],"curies":[{"name":"wp","href":"https:\/\/api.w.org\/{rel}","templated":true}]}}