{"id":596,"date":"2022-05-10T16:31:05","date_gmt":"2022-05-10T15:31:05","guid":{"rendered":"https:\/\/www-2021.edilearchitettura.ing.uniroma2.it\/?page_id=596"},"modified":"2022-05-10T16:34:19","modified_gmt":"2022-05-10T15:34:19","slug":"dottorato-di-ricerca","status":"publish","type":"page","link":"https:\/\/edilearchitettura.ing.uniroma2.it\/?page_id=596","title":{"rendered":"Dottorato di ricerca"},"content":{"rendered":"\n<p>L&#8217;offerta formativa per il dottorato presso l\u2019Universit\u00e0 di Roma &#8220;Tor Vergata&#8221; \u00e8 composta da 32 dottorati di ricerca, alcuni attivati ad anni o trienni alterni presso le Universit\u00e0 partner (Sapienza e Roma Tre), e copre le sei macroaree della nostra universit\u00e0: Economia, Ingegneria, Scienze umanistiche, Legge, Medicina e Chirurgia, Scienze. Per scoprire i corsi e i bandi attivi visita la pagina della <a rel=\"noreferrer noopener\" href=\"http:\/\/dottorati.uniroma2.it\/default.aspx\" target=\"_blank\">Scuola di Dottorato.<\/a><\/p>\n\n\n\n<p>Il dottorato in Ingegneria Civile comprende tutte le linee di ricerca dell\u2019area CUN 08 Ingegneria civile e architettura. L&#8217;area dell&#8217;Ingegneria civile e dell&#8217;Architettura costituisce un nucleo fondamentale dell&#8217;ingegneria moderna fin dalla sua origine nel XIX secolo, sia dal punto di vista della ricerca scientifica sia dal punto di vista della formazione culturale e professionale. Per scoprire i dettagli e i bandi attivi vista la<a rel=\"noreferrer noopener\" href=\"http:\/\/dottorati.uniroma2.it\/ingegneria-civile_c58.aspx\" target=\"_blank\"> pagina del corso di dottorato<\/a><\/p>\n","protected":false},"excerpt":{"rendered":"<p>L&#8217;offerta formativa per il dottorato presso l\u2019Universit\u00e0 di Roma &#8220;Tor Vergata&#8221; \u00e8 composta da 32 dottorati di ricerca, alcuni attivati ad anni o trienni alterni presso le Universit\u00e0 partner (Sapienza e Roma Tre), e copre le sei macroaree della nostra<\/p>\n","protected":false},"author":2,"featured_media":0,"parent":0,"menu_order":0,"comment_status":"closed","ping_status":"closed","template":"","meta":{"footnotes":""},"categories":[],"tags":[],"class_list":["post-596","page","type-page","status-publish","hentry"],"_links":{"self":[{"href":"https:\/\/edilearchitettura.ing.uniroma2.it\/index.php?rest_route=\/wp\/v2\/pages\/596","targetHints":{"allow":["GET"]}}],"collection":[{"href":"https:\/\/edilearchitettura.ing.uniroma2.it\/index.php?rest_route=\/wp\/v2\/pages"}],"about":[{"href":"https:\/\/edilearchitettura.ing.uniroma2.it\/index.php?rest_route=\/wp\/v2\/types\/page"}],"author":[{"embeddable":true,"href":"https:\/\/edilearchitettura.ing.uniroma2.it\/index.php?rest_route=\/wp\/v2\/users\/2"}],"replies":[{"embeddable":true,"href":"https:\/\/edilearchitettura.ing.uniroma2.it\/index.php?rest_route=%2Fwp%2Fv2%2Fcomments&post=596"}],"version-history":[{"count":3,"href":"https:\/\/edilearchitettura.ing.uniroma2.it\/index.php?rest_route=\/wp\/v2\/pages\/596\/revisions"}],"predecessor-version":[{"id":601,"href":"https:\/\/edilearchitettura.ing.uniroma2.it\/index.php?rest_route=\/wp\/v2\/pages\/596\/revisions\/601"}],"wp:attachment":[{"href":"https:\/\/edilearchitettura.ing.uniroma2.it\/index.php?rest_route=%2Fwp%2Fv2%2Fmedia&parent=596"}],"wp:term":[{"taxonomy":"category","embeddable":true,"href":"https:\/\/edilearchitettura.ing.uniroma2.it\/index.php?rest_route=%2Fwp%2Fv2%2Fcategories&post=596"},{"taxonomy":"post_tag","embeddable":true,"href":"https:\/\/edilearchitettura.ing.uniroma2.it\/index.php?rest_route=%2Fwp%2Fv2%2Ftags&post=596"}],"curies":[{"name":"wp","href":"https:\/\/api.w.org\/{rel}","templated":true}]}}